{"id":10,"date":"2024-03-05T09:08:52","date_gmt":"2024-03-05T09:08:52","guid":{"rendered":"https:\/\/charming-franklin.85-214-147-107.plesk.page\/?page_id=10"},"modified":"2024-03-06T11:02:10","modified_gmt":"2024-03-06T11:02:10","slug":"inicio","status":"publish","type":"page","link":"https:\/\/charming-franklin.85-214-147-107.plesk.page\/","title":{"rendered":"Inicio"},"content":{"rendered":"\n<div class=\"wp-block-cover alignfull\" style=\"min-height:100vh;aspect-ratio:unset;\"><span aria-hidden=\"true\" class=\"wp-block-cover__background has-background-dim\"><\/span><img loading=\"lazy\" decoding=\"async\" width=\"2560\" height=\"913\" class=\"wp-block-cover__image-background wp-image-72\" alt=\"\" src=\"https:\/\/charming-franklin.85-214-147-107.plesk.page\/wp-content\/uploads\/2024\/03\/shutterstock_1482045161-scaled.webp\" data-object-fit=\"cover\" srcset=\"https:\/\/charming-franklin.85-214-147-107.plesk.page\/wp-content\/uploads\/2024\/03\/shutterstock_1482045161-scaled.webp 2560w, https:\/\/charming-franklin.85-214-147-107.plesk.page\/wp-content\/uploads\/2024\/03\/shutterstock_1482045161-300x107.webp 300w, https:\/\/charming-franklin.85-214-147-107.plesk.page\/wp-content\/uploads\/2024\/03\/shutterstock_1482045161-1024x365.webp 1024w, https:\/\/charming-franklin.85-214-147-107.plesk.page\/wp-content\/uploads\/2024\/03\/shutterstock_1482045161-768x274.webp 768w, https:\/\/charming-franklin.85-214-147-107.plesk.page\/wp-content\/uploads\/2024\/03\/shutterstock_1482045161-1536x548.webp 1536w, https:\/\/charming-franklin.85-214-147-107.plesk.page\/wp-content\/uploads\/2024\/03\/shutterstock_1482045161-2048x730.webp 2048w\" sizes=\"auto, (max-width: 2560px) 100vw, 2560px\" \/><div class=\"wp-block-cover__inner-container has-global-padding is-layout-constrained wp-block-cover-is-layout-constrained\">\n<div class=\"wp-block-group alignwide is-content-justification-space-between is-layout-flex wp-container-core-group-is-layout-04da5311 wp-block-group-is-layout-flex\" style=\"padding-bottom:var(--wp--preset--spacing--50)\">\n<div class=\"wp-block-group is-layout-flex wp-container-core-group-is-layout-7a92790e wp-block-group-is-layout-flex\"><div class=\"is-default-size wp-block-site-logo\"><a href=\"https:\/\/charming-franklin.85-214-147-107.plesk.page\/\" class=\"custom-logo-link\" rel=\"home\"><img loading=\"lazy\" decoding=\"async\" width=\"118\" height=\"113\" src=\"https:\/\/charming-franklin.85-214-147-107.plesk.page\/wp-content\/uploads\/2024\/03\/Logo-neg.png\" class=\"custom-logo\" alt=\"RTB Auto\" \/><\/a><\/div>\n\n\n<div class=\"wp-block-group is-vertical is-layout-flex wp-container-core-group-is-layout-30a70405 wp-block-group-is-layout-flex\"><h1 class=\"has-link-color wp-elements-bf920a1159175532ab30c07d13d5a926 wp-block-site-title has-x-large-font-size\"><a href=\"https:\/\/charming-franklin.85-214-147-107.plesk.page\" target=\"_self\" rel=\"home\">RTB Auto<\/a><\/h1><\/div>\n<\/div>\n\n\n<nav class=\"is-responsive items-justified-right wp-block-navigation is-content-justification-right is-layout-flex wp-container-core-navigation-is-layout-f665d2b5 wp-block-navigation-is-layout-flex\" aria-label=\"Navigation\" \n\t\t data-wp-interactive=\"core\/navigation\" data-wp-context='{\"overlayOpenedBy\":{\"click\":false,\"hover\":false,\"focus\":false},\"type\":\"overlay\",\"roleAttribute\":\"\",\"ariaLabel\":\"Men\\u00fc\"}'><button aria-haspopup=\"dialog\" aria-label=\"Men\u00fc \u00f6ffnen\" class=\"wp-block-navigation__responsive-container-open always-shown\" \n\t\t\t\tdata-wp-on--click=\"actions.openMenuOnClick\"\n\t\t\t\tdata-wp-on--keydown=\"actions.handleMenuKeydown\"\n\t\t\t><svg width=\"24\" height=\"24\" xmlns=\"http:\/\/www.w3.org\/2000\/svg\" viewBox=\"0 0 24 24\" aria-hidden=\"true\" focusable=\"false\"><path d=\"M4 7.5h16v1.5H4z\"><\/path><path d=\"M4 15h16v1.5H4z\"><\/path><\/svg><\/button>\n\t\t\t\t<div class=\"wp-block-navigation__responsive-container hidden-by-default\"  id=\"modal-1\" \n\t\t\t\tdata-wp-class--has-modal-open=\"state.isMenuOpen\"\n\t\t\t\tdata-wp-class--is-menu-open=\"state.isMenuOpen\"\n\t\t\t\tdata-wp-watch=\"callbacks.initMenu\"\n\t\t\t\tdata-wp-on--keydown=\"actions.handleMenuKeydown\"\n\t\t\t\tdata-wp-on--focusout=\"actions.handleMenuFocusout\"\n\t\t\t\ttabindex=\"-1\"\n\t\t\t>\n\t\t\t\t\t<div class=\"wp-block-navigation__responsive-close\" tabindex=\"-1\">\n\t\t\t\t\t\t<div class=\"wp-block-navigation__responsive-dialog\" \n\t\t\t\tdata-wp-bind--aria-modal=\"state.ariaModal\"\n\t\t\t\tdata-wp-bind--aria-label=\"state.ariaLabel\"\n\t\t\t\tdata-wp-bind--role=\"state.roleAttribute\"\n\t\t\t>\n\t\t\t\t\t\t\t<button aria-label=\"Men\u00fc schlie\u00dfen\" class=\"wp-block-navigation__responsive-container-close\" \n\t\t\t\tdata-wp-on--click=\"actions.closeMenuOnClick\"\n\t\t\t><svg xmlns=\"http:\/\/www.w3.org\/2000\/svg\" viewBox=\"0 0 24 24\" width=\"24\" height=\"24\" aria-hidden=\"true\" focusable=\"false\"><path d=\"m13.06 12 6.47-6.47-1.06-1.06L12 10.94 5.53 4.47 4.47 5.53 10.94 12l-6.47 6.47 1.06 1.06L12 13.06l6.47 6.47 1.06-1.06L13.06 12Z\"><\/path><\/svg><\/button>\n\t\t\t\t\t\t\t<div class=\"wp-block-navigation__responsive-container-content\" \n\t\t\t\tdata-wp-watch=\"callbacks.focusFirstElement\"\n\t\t\t id=\"modal-1-content\">\n\t\t\t\t\t\t\t\t<ul class=\"wp-block-navigation__container is-responsive items-justified-right wp-block-navigation\"><li class=\" wp-block-navigation-item wp-block-navigation-link\"><a class=\"wp-block-navigation-item__content\"  href=\"https:\/\/charming-franklin.85-214-147-107.plesk.page\/\"><span class=\"wp-block-navigation-item__label\">Inicio<\/span><\/a><\/li><\/ul>\n\t\t\t\t\t\t\t<\/div>\n\t\t\t\t\t\t<\/div>\n\t\t\t\t\t<\/div>\n\t\t\t\t<\/div><\/nav><\/div>\n\n\n\n<div class=\"wp-block-group alignwide is-content-justification-center is-layout-flex wp-container-core-group-is-layout-79f89f88 wp-block-group-is-layout-flex\">\n<h2 class=\"wp-block-heading has-text-align-center is-style-default has-x-large-font-size\">Bienvenido a RTB-Auto, su socio competente para peritajes y c\u00e1lculos de da\u00f1os.<\/h2>\n<\/div>\n\n\n\n<div class=\"wp-block-group alignfull has-global-padding is-layout-constrained wp-container-core-group-is-layout-669513ed wp-block-group-is-layout-constrained\" style=\"margin-top:0;margin-bottom:0;padding-top:var(--wp--preset--spacing--50);padding-right:var(--wp--preset--spacing--50);padding-bottom:var(--wp--preset--spacing--50);padding-left:var(--wp--preset--spacing--50)\">\n<div class=\"wp-block-group is-vertical is-content-justification-center is-layout-flex wp-container-core-group-is-layout-52b864f0 wp-block-group-is-layout-flex\">\n<h3 class=\"wp-block-heading has-text-align-center is-style-default has-medium-font-size\" style=\"font-style:normal;font-weight:600\"><strong>Evaluaci\u00f3n de da\u00f1os<\/strong><\/h3>\n\n\n\n<div style=\"height:0px\" aria-hidden=\"true\" class=\"wp-block-spacer wp-container-content-4f2ccadb\"><\/div>\n\n\n\n<p class=\"has-text-align-center\">En caso de da\u00f1os, es importante que sus veh\u00edculos de alquiler sean reparados lo m\u00e1s r\u00e1pido posible para que sus clientes puedan utilizarlos r\u00e1pidamente. RTB-Auto-Service le ofrece c\u00e1lculos completos de da\u00f1os, informes y evaluaciones de veh\u00edculos.<\/p>\n<\/div>\n\n\n\n<div style=\"margin-top:0;margin-bottom:0;height:var(--wp--preset--spacing--40)\" aria-hidden=\"true\" class=\"wp-block-spacer\"><\/div>\n\n\n\n<div class=\"wp-block-columns alignwide is-layout-flex wp-container-core-columns-is-layout-d0bbbce0 wp-block-columns-is-layout-flex\">\n<div class=\"wp-block-column is-layout-flow wp-container-core-column-is-layout-e3d1c41b wp-block-column-is-layout-flow\">\n<h3 class=\"wp-block-heading has-text-align-left is-style-default has-body-font-family has-medium-font-size\" style=\"font-style:normal;font-weight:600\">Inspeccion de vehiculo<\/h3>\n\n\n\n<p class=\"has-text-align-left\">En caso de da\u00f1os, es importante que sus veh\u00edculos de alquiler sean reparados lo m\u00e1s r\u00e1pido posible para que sus clientes puedan utilizarlos r\u00e1pidamente. RTB-Auto-Service le ofrece c\u00e1lculos completos de da\u00f1os, informes y valoraciones de veh\u00edculos.<\/p>\n<\/div>\n\n\n\n<div class=\"wp-block-column is-layout-flow wp-container-core-column-is-layout-e3d1c41b wp-block-column-is-layout-flow\">\n<h3 class=\"wp-block-heading has-text-align-left is-style-default has-body-font-family has-medium-font-size\" style=\"font-style:normal;font-weight:600\">C\u00e1lculo de da\u00f1os peque\u00f1os<\/h3>\n\n\n\n<p class=\"has-text-align-left\">Al poder encargarnos peque\u00f1os c\u00e1lculos de da\u00f1os, ahorrar\u00e1 una cantidad significativa de tiempo. De esta manera, podr\u00e1 volver a centrarse en los fundamentos de su negocio.<\/p>\n<\/div>\n\n\n\n<div class=\"wp-block-column is-layout-flow wp-container-core-column-is-layout-e3d1c41b wp-block-column-is-layout-flow\">\n<h3 class=\"wp-block-heading has-text-align-left is-style-default has-body-font-family has-medium-font-size\" style=\"font-style:normal;font-weight:600\">Devoluci\u00f3n del veh\u00edculo<\/h3>\n\n\n\n<p class=\"has-text-align-left\">Tambi\u00e9n se beneficiar\u00e1 de nuestro servicio r\u00e1pido y profesional al devolver veh\u00edculos al fabricante, al concesionario o al comercializar de forma independiente veh\u00edculos de alto riesgo. Crearemos r\u00e1pidamente una oferta individual para usted que satisfaga exactamente sus necesidades individuales.<\/p>\n<\/div>\n<\/div>\n\n\n\n<div style=\"height:var(--wp--preset--spacing--20)\" aria-hidden=\"true\" class=\"wp-block-spacer\"><\/div>\n<\/div>\n<\/div><\/div>\n\n\n\n<div class=\"wp-block-group alignfull has-global-padding is-content-justification-center is-layout-constrained wp-container-core-group-is-layout-733701de wp-block-group-is-layout-constrained\" style=\"margin-top:0;margin-bottom:0;padding-top:var(--wp--preset--spacing--50);padding-right:var(--wp--preset--spacing--50);padding-bottom:var(--wp--preset--spacing--50);padding-left:var(--wp--preset--spacing--50)\">\n<div class=\"wp-block-group alignwide has-global-padding is-layout-constrained wp-container-core-group-is-layout-19e250f3 wp-block-group-is-layout-constrained\">\n<div class=\"wp-block-group is-vertical is-content-justification-center is-layout-flex wp-container-core-group-is-layout-6329a8f3 wp-block-group-is-layout-flex\">\n<h2 class=\"wp-block-heading has-text-align-center is-style-default\">\u00bfC\u00f3mo se beneficia de nuestro servicio en RTB-Auto?<\/h2>\n<\/div>\n\n\n\n<div style=\"height:var(--wp--preset--spacing--40)\" aria-hidden=\"true\" class=\"wp-block-spacer\"><\/div>\n\n\n\n<div class=\"wp-block-columns alignwide is-layout-flex wp-container-core-columns-is-layout-d1c656ed wp-block-columns-is-layout-flex\">\n<div class=\"wp-block-column is-vertically-aligned-center is-layout-flow wp-block-column-is-layout-flow\" style=\"flex-basis:40%\">\n<p>Nos aseguramos de que nunca vuelva a tener problemas con los da\u00f1os al devolver veh\u00edculos alquilados. En este proceso, se beneficiar\u00e1 de nuestra s\u00f3lida documentaci\u00f3n probatoria y de una exhaustiva evaluaci\u00f3n del alcance de los da\u00f1os.<br>Todos estos datos se resumen en un peritaje de veh\u00edculos uniformemente elaborado.<br>Gracias a nuestro equipo ampliamente capacitado, facilitamos su interacci\u00f3n con proveedores externos como talleres, pinturer\u00edas y otros socios contractuales. De esta manera, hacemos que el manejo de un caso sea m\u00e1s sencillo que nunca para usted.<\/p>\n<\/div>\n\n\n\n<div class=\"wp-block-column is-layout-flow wp-block-column-is-layout-flow\" style=\"flex-basis:50%\">\n<figure class=\"wp-block-image size-large is-style-rounded is-style-rounded--4\"><img loading=\"lazy\" decoding=\"async\" width=\"1024\" height=\"721\" src=\"https:\/\/charming-franklin.85-214-147-107.plesk.page\/wp-content\/uploads\/2024\/03\/shutterstock_1171460743-1024x721.webp\" alt=\"\" class=\"wp-image-77\" srcset=\"https:\/\/charming-franklin.85-214-147-107.plesk.page\/wp-content\/uploads\/2024\/03\/shutterstock_1171460743-1024x721.webp 1024w, https:\/\/charming-franklin.85-214-147-107.plesk.page\/wp-content\/uploads\/2024\/03\/shutterstock_1171460743-300x211.webp 300w, https:\/\/charming-franklin.85-214-147-107.plesk.page\/wp-content\/uploads\/2024\/03\/shutterstock_1171460743-768x541.webp 768w, https:\/\/charming-franklin.85-214-147-107.plesk.page\/wp-content\/uploads\/2024\/03\/shutterstock_1171460743.webp 1154w\" sizes=\"auto, (max-width: 1024px) 100vw, 1024px\" \/><\/figure>\n<\/div>\n<\/div>\n\n\n\n<div style=\"height:var(--wp--preset--spacing--40)\" aria-hidden=\"true\" class=\"wp-block-spacer\"><\/div>\n\n\n\n<div class=\"wp-block-columns alignwide is-layout-flex wp-container-core-columns-is-layout-d1c656ed wp-block-columns-is-layout-flex\">\n<div class=\"wp-block-column is-layout-flow wp-block-column-is-layout-flow\" style=\"flex-basis:50%\">\n<figure class=\"wp-block-image size-large is-style-rounded is-style-rounded--5\"><img loading=\"lazy\" decoding=\"async\" width=\"1024\" height=\"683\" src=\"https:\/\/charming-franklin.85-214-147-107.plesk.page\/wp-content\/uploads\/2024\/03\/shutterstock_2185012227-1024x683.webp\" alt=\"\" class=\"wp-image-78\" srcset=\"https:\/\/charming-franklin.85-214-147-107.plesk.page\/wp-content\/uploads\/2024\/03\/shutterstock_2185012227-1024x683.webp 1024w, https:\/\/charming-franklin.85-214-147-107.plesk.page\/wp-content\/uploads\/2024\/03\/shutterstock_2185012227-300x200.webp 300w, https:\/\/charming-franklin.85-214-147-107.plesk.page\/wp-content\/uploads\/2024\/03\/shutterstock_2185012227-768x512.webp 768w, https:\/\/charming-franklin.85-214-147-107.plesk.page\/wp-content\/uploads\/2024\/03\/shutterstock_2185012227.webp 1380w\" sizes=\"auto, (max-width: 1024px) 100vw, 1024px\" \/><\/figure>\n<\/div>\n\n\n\n<div class=\"wp-block-column is-vertically-aligned-center is-layout-flow wp-block-column-is-layout-flow\" style=\"flex-basis:40%\">\n<p>Conf\u00ede en nuestra experiencia de muchos a\u00f1os en&nbsp;<strong>RTB-Auto<\/strong>. Estamos aqu\u00ed para asistirle tanto en la evaluaci\u00f3n de veh\u00edculos como en la documentaci\u00f3n de da\u00f1os. Nuestros servicios se distinguen por su calidad, rapidez y fiabilidad en todos los aspectos.<br>Despu\u00e9s de un accidente automovil\u00edstico con un veh\u00edculo en leasing o alquiler, a menudo es dif\u00edcil determinar qu\u00e9 da\u00f1os fueron causados por el accidente. Frecuentemente surge la pregunta de qu\u00e9 da\u00f1os ya estaban presentes como propios antes del accidente.<\/p>\n<\/div>\n<\/div>\n\n\n\n<div style=\"height:var(--wp--preset--spacing--40)\" aria-hidden=\"true\" class=\"wp-block-spacer\"><\/div>\n\n\n\n<div class=\"wp-block-columns alignwide is-layout-flex wp-container-core-columns-is-layout-d1c656ed wp-block-columns-is-layout-flex\">\n<div class=\"wp-block-column is-vertically-aligned-center is-layout-flow wp-block-column-is-layout-flow\" style=\"flex-basis:40%\">\n<p>Aqu\u00ed es donde nuestro profesional servicio de gesti\u00f3n de da\u00f1os le ayuda a mantenerse informado. Documentamos, analizamos y probamos los da\u00f1os existentes y revisamos por separado los veh\u00edculos involucrados en el accidente. A menudo, solo se pueden identificar los da\u00f1os causados por el accidente y que pasaron desapercibidos mediante fotograf\u00edas digitales.<br>Al elaborar nuestros peritajes neutrales, usted tiene un control total sobre los costos y ser\u00e1 informado en todo momento sobre posibles costos adicionales. Por lo tanto, si usted mismo alquila veh\u00edculos, necesita protecci\u00f3n en un caso espec\u00edfico o tiene cualquier otra necesidad de gesti\u00f3n de da\u00f1os externa: en&nbsp;<strong>RTB-Auto<\/strong>&nbsp;encontrar\u00e1 el socio adecuado.<br>No dude en ponerse en contacto con nosotros y concertar una primera consulta. Estamos a su disposici\u00f3n para brindarle asesoramiento completo sobre todos los temas relacionados con peritajes de veh\u00edculos, c\u00e1lculos completos y gesti\u00f3n de da\u00f1os.<\/p>\n<\/div>\n\n\n\n<div class=\"wp-block-column is-layout-flow wp-block-column-is-layout-flow\" style=\"flex-basis:50%\">\n<figure class=\"wp-block-image size-large is-style-rounded is-style-rounded--6\"><img loading=\"lazy\" decoding=\"async\" width=\"1024\" height=\"682\" src=\"https:\/\/charming-franklin.85-214-147-107.plesk.page\/wp-content\/uploads\/2024\/03\/shutterstock_321111404-1024x682.webp\" alt=\"\" class=\"wp-image-79\" srcset=\"https:\/\/charming-franklin.85-214-147-107.plesk.page\/wp-content\/uploads\/2024\/03\/shutterstock_321111404-1024x682.webp 1024w, https:\/\/charming-franklin.85-214-147-107.plesk.page\/wp-content\/uploads\/2024\/03\/shutterstock_321111404-300x200.webp 300w, https:\/\/charming-franklin.85-214-147-107.plesk.page\/wp-content\/uploads\/2024\/03\/shutterstock_321111404-768x512.webp 768w, https:\/\/charming-franklin.85-214-147-107.plesk.page\/wp-content\/uploads\/2024\/03\/shutterstock_321111404.webp 1061w\" sizes=\"auto, (max-width: 1024px) 100vw, 1024px\" \/><\/figure>\n<\/div>\n<\/div>\n<\/div>\n<\/div>\n\n\n\n<div class=\"wp-block-group alignfull has-global-padding is-content-justification-center is-layout-constrained wp-container-core-group-is-layout-733701de wp-block-group-is-layout-constrained\" style=\"margin-top:0;margin-bottom:0;padding-top:var(--wp--preset--spacing--50);padding-right:var(--wp--preset--spacing--50);padding-bottom:var(--wp--preset--spacing--50);padding-left:var(--wp--preset--spacing--50)\">\n<div class=\"wp-block-columns alignwide is-layout-flex wp-container-core-columns-is-layout-d1c656ed wp-block-columns-is-layout-flex\">\n<div class=\"wp-block-column is-layout-flow wp-block-column-is-layout-flow\" style=\"flex-basis:50%\"><div class=\"wp-block-jetpack-contact-form\"><a href=\"https:\/\/charming-franklin.85-214-147-107.plesk.page\/\" target=\"_blank\" rel=\"noopener noreferrer\">Formular einreichen.<\/a><\/div><\/div>\n\n\n\n<div class=\"wp-block-column is-vertically-aligned-center is-layout-flow wp-block-column-is-layout-flow\" style=\"flex-basis:40%\">\n<h2 class=\"wp-block-heading\">\u00bfTiene alguna pregunta adicional?<\/h2>\n<\/div>\n<\/div>\n<\/div>\n","protected":false},"excerpt":{"rendered":"<p>\u00bfC\u00f3mo se beneficia de nuestro servicio en RTB-Auto? Nos aseguramos de que nunca vuelva a tener problemas con los da\u00f1os al devolver veh\u00edculos alquilados. En este proceso, se beneficiar\u00e1 de nuestra s\u00f3lida documentaci\u00f3n probatoria y de una exhaustiva evaluaci\u00f3n del alcance de los da\u00f1os.Todos estos datos se resumen en un peritaje de veh\u00edculos uniformemente elaborado.Gracias [&hellip;]<\/p>\n","protected":false},"author":1,"featured_media":0,"parent":0,"menu_order":0,"comment_status":"closed","ping_status":"closed","template":"","meta":{"footnotes":""},"class_list":["post-10","page","type-page","status-publish","hentry"],"yoast_head":"<!-- This site is optimized with the Yoast SEO plugin v22.1 - https:\/\/yoast.com\/wordpress\/plugins\/seo\/ -->\n<title>Inicio - RTB Auto<\/title>\n<meta name=\"robots\" content=\"index, follow, max-snippet:-1, max-image-preview:large, max-video-preview:-1\" \/>\n<link rel=\"canonical\" href=\"https:\/\/charming-franklin.85-214-147-107.plesk.page\/\" \/>\n<meta property=\"og:locale\" content=\"de_DE\" \/>\n<meta property=\"og:type\" content=\"article\" \/>\n<meta property=\"og:title\" content=\"Inicio - RTB Auto\" \/>\n<meta property=\"og:description\" content=\"\u00bfC\u00f3mo se beneficia de nuestro servicio en RTB-Auto? Nos aseguramos de que nunca vuelva a tener problemas con los da\u00f1os al devolver veh\u00edculos alquilados. En este proceso, se beneficiar\u00e1 de nuestra s\u00f3lida documentaci\u00f3n probatoria y de una exhaustiva evaluaci\u00f3n del alcance de los da\u00f1os.Todos estos datos se resumen en un peritaje de veh\u00edculos uniformemente elaborado.Gracias [&hellip;]\" \/>\n<meta property=\"og:url\" content=\"https:\/\/charming-franklin.85-214-147-107.plesk.page\/\" \/>\n<meta property=\"og:site_name\" content=\"RTB Auto\" \/>\n<meta property=\"article:modified_time\" content=\"2024-03-06T11:02:10+00:00\" \/>\n<meta property=\"og:image\" content=\"https:\/\/charming-franklin.85-214-147-107.plesk.page\/wp-content\/uploads\/2024\/03\/shutterstock_1482045161-scaled.webp\" \/>\n<meta name=\"twitter:card\" content=\"summary_large_image\" \/>\n<meta name=\"twitter:label1\" content=\"Gesch\u00e4tzte Lesezeit\" \/>\n\t<meta name=\"twitter:data1\" content=\"4\u00a0Minuten\" \/>\n<script type=\"application\/ld+json\" class=\"yoast-schema-graph\">{\"@context\":\"https:\/\/schema.org\",\"@graph\":[{\"@type\":\"WebPage\",\"@id\":\"https:\/\/charming-franklin.85-214-147-107.plesk.page\/\",\"url\":\"https:\/\/charming-franklin.85-214-147-107.plesk.page\/\",\"name\":\"Inicio - RTB Auto\",\"isPartOf\":{\"@id\":\"https:\/\/charming-franklin.85-214-147-107.plesk.page\/#website\"},\"datePublished\":\"2024-03-05T09:08:52+00:00\",\"dateModified\":\"2024-03-06T11:02:10+00:00\",\"breadcrumb\":{\"@id\":\"https:\/\/charming-franklin.85-214-147-107.plesk.page\/#breadcrumb\"},\"inLanguage\":\"de\",\"potentialAction\":[{\"@type\":\"ReadAction\",\"target\":[\"https:\/\/charming-franklin.85-214-147-107.plesk.page\/\"]}]},{\"@type\":\"BreadcrumbList\",\"@id\":\"https:\/\/charming-franklin.85-214-147-107.plesk.page\/#breadcrumb\",\"itemListElement\":[{\"@type\":\"ListItem\",\"position\":1,\"name\":\"Startseite\",\"item\":\"https:\/\/charming-franklin.85-214-147-107.plesk.page\/\"},{\"@type\":\"ListItem\",\"position\":2,\"name\":\"Inicio\"}]},{\"@type\":\"WebSite\",\"@id\":\"https:\/\/charming-franklin.85-214-147-107.plesk.page\/#website\",\"url\":\"https:\/\/charming-franklin.85-214-147-107.plesk.page\/\",\"name\":\"RTB Auto\",\"description\":\"\",\"publisher\":{\"@id\":\"https:\/\/charming-franklin.85-214-147-107.plesk.page\/#organization\"},\"potentialAction\":[{\"@type\":\"SearchAction\",\"target\":{\"@type\":\"EntryPoint\",\"urlTemplate\":\"https:\/\/charming-franklin.85-214-147-107.plesk.page\/?s={search_term_string}\"},\"query-input\":\"required name=search_term_string\"}],\"inLanguage\":\"de\"},{\"@type\":\"Organization\",\"@id\":\"https:\/\/charming-franklin.85-214-147-107.plesk.page\/#organization\",\"name\":\"RTB Auto\",\"url\":\"https:\/\/charming-franklin.85-214-147-107.plesk.page\/\",\"logo\":{\"@type\":\"ImageObject\",\"inLanguage\":\"de\",\"@id\":\"https:\/\/charming-franklin.85-214-147-107.plesk.page\/#\/schema\/logo\/image\/\",\"url\":\"https:\/\/charming-franklin.85-214-147-107.plesk.page\/wp-content\/uploads\/2024\/03\/Logo-neg.png\",\"contentUrl\":\"https:\/\/charming-franklin.85-214-147-107.plesk.page\/wp-content\/uploads\/2024\/03\/Logo-neg.png\",\"width\":118,\"height\":113,\"caption\":\"RTB Auto\"},\"image\":{\"@id\":\"https:\/\/charming-franklin.85-214-147-107.plesk.page\/#\/schema\/logo\/image\/\"}}]}<\/script>\n<!-- \/ Yoast SEO plugin. -->","yoast_head_json":{"title":"Inicio - RTB Auto","robots":{"index":"index","follow":"follow","max-snippet":"max-snippet:-1","max-image-preview":"max-image-preview:large","max-video-preview":"max-video-preview:-1"},"canonical":"https:\/\/charming-franklin.85-214-147-107.plesk.page\/","og_locale":"de_DE","og_type":"article","og_title":"Inicio - RTB Auto","og_description":"\u00bfC\u00f3mo se beneficia de nuestro servicio en RTB-Auto? Nos aseguramos de que nunca vuelva a tener problemas con los da\u00f1os al devolver veh\u00edculos alquilados. En este proceso, se beneficiar\u00e1 de nuestra s\u00f3lida documentaci\u00f3n probatoria y de una exhaustiva evaluaci\u00f3n del alcance de los da\u00f1os.Todos estos datos se resumen en un peritaje de veh\u00edculos uniformemente elaborado.Gracias [&hellip;]","og_url":"https:\/\/charming-franklin.85-214-147-107.plesk.page\/","og_site_name":"RTB Auto","article_modified_time":"2024-03-06T11:02:10+00:00","og_image":[{"url":"https:\/\/charming-franklin.85-214-147-107.plesk.page\/wp-content\/uploads\/2024\/03\/shutterstock_1482045161-scaled.webp"}],"twitter_card":"summary_large_image","twitter_misc":{"Gesch\u00e4tzte Lesezeit":"4\u00a0Minuten"},"schema":{"@context":"https:\/\/schema.org","@graph":[{"@type":"WebPage","@id":"https:\/\/charming-franklin.85-214-147-107.plesk.page\/","url":"https:\/\/charming-franklin.85-214-147-107.plesk.page\/","name":"Inicio - RTB Auto","isPartOf":{"@id":"https:\/\/charming-franklin.85-214-147-107.plesk.page\/#website"},"datePublished":"2024-03-05T09:08:52+00:00","dateModified":"2024-03-06T11:02:10+00:00","breadcrumb":{"@id":"https:\/\/charming-franklin.85-214-147-107.plesk.page\/#breadcrumb"},"inLanguage":"de","potentialAction":[{"@type":"ReadAction","target":["https:\/\/charming-franklin.85-214-147-107.plesk.page\/"]}]},{"@type":"BreadcrumbList","@id":"https:\/\/charming-franklin.85-214-147-107.plesk.page\/#breadcrumb","itemListElement":[{"@type":"ListItem","position":1,"name":"Startseite","item":"https:\/\/charming-franklin.85-214-147-107.plesk.page\/"},{"@type":"ListItem","position":2,"name":"Inicio"}]},{"@type":"WebSite","@id":"https:\/\/charming-franklin.85-214-147-107.plesk.page\/#website","url":"https:\/\/charming-franklin.85-214-147-107.plesk.page\/","name":"RTB Auto","description":"","publisher":{"@id":"https:\/\/charming-franklin.85-214-147-107.plesk.page\/#organization"},"potentialAction":[{"@type":"SearchAction","target":{"@type":"EntryPoint","urlTemplate":"https:\/\/charming-franklin.85-214-147-107.plesk.page\/?s={search_term_string}"},"query-input":"required name=search_term_string"}],"inLanguage":"de"},{"@type":"Organization","@id":"https:\/\/charming-franklin.85-214-147-107.plesk.page\/#organization","name":"RTB Auto","url":"https:\/\/charming-franklin.85-214-147-107.plesk.page\/","logo":{"@type":"ImageObject","inLanguage":"de","@id":"https:\/\/charming-franklin.85-214-147-107.plesk.page\/#\/schema\/logo\/image\/","url":"https:\/\/charming-franklin.85-214-147-107.plesk.page\/wp-content\/uploads\/2024\/03\/Logo-neg.png","contentUrl":"https:\/\/charming-franklin.85-214-147-107.plesk.page\/wp-content\/uploads\/2024\/03\/Logo-neg.png","width":118,"height":113,"caption":"RTB Auto"},"image":{"@id":"https:\/\/charming-franklin.85-214-147-107.plesk.page\/#\/schema\/logo\/image\/"}}]}},"jetpack_sharing_enabled":true,"_links":{"self":[{"href":"https:\/\/charming-franklin.85-214-147-107.plesk.page\/index.php?rest_route=\/wp\/v2\/pages\/10","targetHints":{"allow":["GET"]}}],"collection":[{"href":"https:\/\/charming-franklin.85-214-147-107.plesk.page\/index.php?rest_route=\/wp\/v2\/pages"}],"about":[{"href":"https:\/\/charming-franklin.85-214-147-107.plesk.page\/index.php?rest_route=\/wp\/v2\/types\/page"}],"author":[{"embeddable":true,"href":"https:\/\/charming-franklin.85-214-147-107.plesk.page\/index.php?rest_route=\/wp\/v2\/users\/1"}],"replies":[{"embeddable":true,"href":"https:\/\/charming-franklin.85-214-147-107.plesk.page\/index.php?rest_route=%2Fwp%2Fv2%2Fcomments&post=10"}],"version-history":[{"count":20,"href":"https:\/\/charming-franklin.85-214-147-107.plesk.page\/index.php?rest_route=\/wp\/v2\/pages\/10\/revisions"}],"predecessor-version":[{"id":82,"href":"https:\/\/charming-franklin.85-214-147-107.plesk.page\/index.php?rest_route=\/wp\/v2\/pages\/10\/revisions\/82"}],"wp:attachment":[{"href":"https:\/\/charming-franklin.85-214-147-107.plesk.page\/index.php?rest_route=%2Fwp%2Fv2%2Fmedia&parent=10"}],"curies":[{"name":"wp","href":"https:\/\/api.w.org\/{rel}","templated":true}]}}